{"id":1318,"date":"2015-07-02T02:05:48","date_gmt":"2015-07-02T00:05:48","guid":{"rendered":"http:\/\/www.urheiluilmailu.com\/?page_id=1318"},"modified":"2015-07-02T02:23:15","modified_gmt":"2015-07-02T00:23:15","slug":"radne-raket-120-cc-moottori","status":"publish","type":"page","link":"http:\/\/www.urheiluilmailu.com\/?page_id=1318","title":{"rendered":"Radne Raket 120 cc, moottori"},"content":{"rendered":"<p><img decoding=\"async\" loading=\"lazy\" class=\"alignright size-medium wp-image-60\" title=\"IMG_0099\" src=\"http:\/\/www.urheiluilmailu.com\/wp-content\/uploads\/2010\/11\/IMG_0099-225x300.jpg\" alt=\"\" width=\"225\" height=\"300\" srcset=\"http:\/\/www.urheiluilmailu.com\/wp-content\/uploads\/2010\/11\/IMG_0099-225x300.jpg 225w, http:\/\/www.urheiluilmailu.com\/wp-content\/uploads\/2010\/11\/IMG_0099.jpg 600w\" sizes=\"(max-width: 225px) 100vw, 225px\" \/><\/p>\n<p>120-kuutiosenttimetri\u00e4 iskutilavuudeltaan oleva ilmaj\u00e4\u00e4hdytteinen kaksitahtinen\u00a0Radne Raket on moottoroiduissa\u00a0riippuliitimiss\u00e4 yleisimmin k\u00e4ytetty moottori. Ruotsalaisvalmisteinen Raket on valmistettu alkujaan mikroautok\u00e4ytt\u00f6\u00e4 varten. Moottori on alunperin suunniteltu ja valmistettu Husqvarnan suuren <a title=\"P\u00e4r p\u00e4r..\" href=\"http:\/\/www.youtube.com\/watch?v=_fkVKKrmrlY&amp;feature=related\">XP3210 -moottorisahan<\/a> moottorin pohjalta.<\/p>\n<p>Moottori tuottaa parhaimmillaan 14 hevosvoiman tehon ja py\u00f6ritt\u00e4\u00e4 potkuria keskipakoiskytkimen ja hihnavetoisen alennusvaihteen kautta. Keskipakoiskytkint\u00e4 k\u00e4ytet\u00e4\u00e4n, jotta potkuri ei py\u00f6risi koneen ollessa tyhj\u00e4k\u00e4ynnill\u00e4 lentoonl\u00e4ht\u00f6valmistelujen aikana. Alennusvaihteen k\u00e4ytt\u00f6 on pakollista, jotta n. 120 cm halkaisijaltaan oleva potkuri saadaan py\u00f6rim\u00e4\u00e4n optimaalisella nopeudella. Mik\u00e4li potkuria py\u00f6ritet\u00e4\u00e4n liian nopeasti, sen k\u00e4rjet ylitt\u00e4v\u00e4t \u00e4\u00e4nennopeuden joka pilaa hy\u00f6tysuhteen t\u00e4ydellisesti. Moottoroidut liitimet ovat usein varustettuja potkurijarrulla, joka mahdollistaa potkurin pys\u00e4ytt\u00e4misen liidon tai termiikkilennon ajaksi. Ilmavirran mukana vapaasti py\u00f6riv\u00e4 potkuri heikent\u00e4\u00e4 liitimen suorituskyky\u00e4 enemm\u00e4n, kuin paikallaan oleva potkuri.<\/p>\n<p><img decoding=\"async\" loading=\"lazy\" class=\"alignright size-medium wp-image-61\" title=\"raketit\" src=\"http:\/\/www.urheiluilmailu.com\/wp-content\/uploads\/2010\/11\/raketit-300x225.jpg\" alt=\"\" width=\"300\" height=\"225\" srcset=\"http:\/\/www.urheiluilmailu.com\/wp-content\/uploads\/2010\/11\/raketit-300x225.jpg 300w, http:\/\/www.urheiluilmailu.com\/wp-content\/uploads\/2010\/11\/raketit-1024x768.jpg 1024w, http:\/\/www.urheiluilmailu.com\/wp-content\/uploads\/2010\/11\/raketit-870x653.jpg 870w, http:\/\/www.urheiluilmailu.com\/wp-content\/uploads\/2010\/11\/raketit-140x105.jpg 140w, http:\/\/www.urheiluilmailu.com\/wp-content\/uploads\/2010\/11\/raketit-196x147.jpg 196w\" sizes=\"(max-width: 300px) 100vw, 300px\" \/><\/p>\n<p>Potkuri tuottaa Raketin py\u00f6ritt\u00e4m\u00e4n\u00e4 45-50 kilogramman ty\u00f6nt\u00f6voiman, joka on tarpeen lentoonl\u00e4ht\u00f6\u00e4 varten. Matkalentotehoilla moottori tuottaa noin 7-10 hevosvoiman tehon, joka riitt\u00e4\u00e4 korkeuden pit\u00e4miseen.<\/p>\n<p>Rakenteeltaan moottori on tehty mahdollisimman yksinkertaiseksi. T\u00e4m\u00e4 vaikuttaa my\u00f6s painoon; moottori painaa noin seitsem\u00e4n kiloa ilman alennusvaihdetta, potkuriakselia ja pakoputkea. Moottoria saa joko k\u00e4sik\u00e4ynnisteisen\u00e4 tai starttimoottorilla varustettuna.<\/p>\n<h2>English<\/h2>\n<p>The 120 cc air-cooled, two-stroke Radne Raket is the engine that is most used in powered hang-gliders. Made in Sweden, it is based on a engine that was originally developed for a huge Husqvarna <a title=\"P\u00e4r p\u00e4r..\" href=\"http:\/\/www.youtube.com\/watch?v=_fkVKKrmrlY&amp;feature=related\">XP3210 chainsaw<\/a>.<\/p>\n<p><img decoding=\"async\" loading=\"lazy\" class=\"alignright size-medium wp-image-60\" title=\"IMG_0099\" src=\"http:\/\/www.urheiluilmailu.com\/wp-content\/uploads\/2010\/11\/IMG_0099-225x300.jpg\" alt=\"\" width=\"225\" height=\"300\" srcset=\"http:\/\/www.urheiluilmailu.com\/wp-content\/uploads\/2010\/11\/IMG_0099-225x300.jpg 225w, http:\/\/www.urheiluilmailu.com\/wp-content\/uploads\/2010\/11\/IMG_0099.jpg 600w\" sizes=\"(max-width: 225px) 100vw, 225px\" \/><\/p>\n<p>The engine produces maximum 14 horsepower and spins the propeller through a centrifugal clutch and a belt-driven reduction gear transmission. The centrifugal clutch helps starting the engine and preparing the aircraft for flight as the propeller does not spin when the engine is idling.<\/p>\n<p>The reduction gear is required. If the propeller is driven from the crankshaft, it would rotate a way too fast, exceeding 9000 rpms. It would cause tremendous stress to the propeller and its tips would exceed the speed of sound which has devastating effects on the efficiency. With the reduction gear, the 120-cm propeller turns at 2000-3000 rpm. The bigger the propeller, the better the efficiency. Also the slower-turning propeller is quieter than a small one, turning at 9000 rpms. The powered gliders are often equipped with a propeller brake. The brake makes it possible to lock the propeller during glides. A windmilling propeller causes more drag and decreases the performance of the glider more than a stationary one.<\/p>\n<p><img decoding=\"async\" loading=\"lazy\" class=\"alignright size-medium wp-image-61\" title=\"raketit\" src=\"http:\/\/www.urheiluilmailu.com\/wp-content\/uploads\/2010\/11\/raketit-300x225.jpg\" alt=\"\" width=\"300\" height=\"225\" srcset=\"http:\/\/www.urheiluilmailu.com\/wp-content\/uploads\/2010\/11\/raketit-300x225.jpg 300w, http:\/\/www.urheiluilmailu.com\/wp-content\/uploads\/2010\/11\/raketit-1024x768.jpg 1024w, http:\/\/www.urheiluilmailu.com\/wp-content\/uploads\/2010\/11\/raketit-870x653.jpg 870w, http:\/\/www.urheiluilmailu.com\/wp-content\/uploads\/2010\/11\/raketit-140x105.jpg 140w, http:\/\/www.urheiluilmailu.com\/wp-content\/uploads\/2010\/11\/raketit-196x147.jpg 196w\" sizes=\"(max-width: 300px) 100vw, 300px\" \/><\/p>\n<p>The propeller produces a thrust of 45-50 kilograms with 14 horsepowers, which is required for the take-off. To maintain a level flight, the glider requires 7-10 horsepowers. At that cruise power, the thrust is something like 30 kilograms.<\/p>\n<p>Radne Raket is said to be the most simple two-stroke engine there is. The simple construction has beneficial effects on the weight of the engine. The engine without reduction gear, exhaust and propeller shaft weighs only seven kilograms. The engine is available with a manual pull-starter and with an electric starter for easier start-ups.<\/p>\n","protected":false},"excerpt":{"rendered":"<p>120-kuutiosenttimetri\u00e4 iskutilavuudeltaan oleva ilmaj\u00e4\u00e4hdytteinen kaksitahtinen\u00a0Radne Raket on moottoroiduissa\u00a0riippuliitimiss\u00e4 yleisimmin k\u00e4ytetty moottori. Ruotsalaisvalmisteinen Raket on valmistettu alkujaan mikroautok\u00e4ytt\u00f6\u00e4 varten. Moottori on alunperin suunniteltu ja valmistettu Husqvarnan suuren XP3210 -moottorisahan moottorin pohjalta. Moottori tuottaa parhaimmillaan 14 hevosvoiman tehon ja py\u00f6ritt\u00e4\u00e4 potkuria keskipakoiskytkimen &hellip; <a href=\"http:\/\/www.urheiluilmailu.com\/?page_id=1318\">Continued<\/a><\/p>\n","protected":false},"author":1,"featured_media":0,"parent":648,"menu_order":0,"comment_status":"closed","ping_status":"open","template":"","meta":[],"_links":{"self":[{"href":"http:\/\/www.urheiluilmailu.com\/index.php?rest_route=\/wp\/v2\/pages\/1318"}],"collection":[{"href":"http:\/\/www.urheiluilmailu.com\/index.php?rest_route=\/wp\/v2\/pages"}],"about":[{"href":"http:\/\/www.urheiluilmailu.com\/index.php?rest_route=\/wp\/v2\/types\/page"}],"author":[{"embeddable":true,"href":"http:\/\/www.urheiluilmailu.com\/index.php?rest_route=\/wp\/v2\/users\/1"}],"replies":[{"embeddable":true,"href":"http:\/\/www.urheiluilmailu.com\/index.php?rest_route=%2Fwp%2Fv2%2Fcomments&post=1318"}],"version-history":[{"count":2,"href":"http:\/\/www.urheiluilmailu.com\/index.php?rest_route=\/wp\/v2\/pages\/1318\/revisions"}],"predecessor-version":[{"id":1324,"href":"http:\/\/www.urheiluilmailu.com\/index.php?rest_route=\/wp\/v2\/pages\/1318\/revisions\/1324"}],"up":[{"embeddable":true,"href":"http:\/\/www.urheiluilmailu.com\/index.php?rest_route=\/wp\/v2\/pages\/648"}],"wp:attachment":[{"href":"http:\/\/www.urheiluilmailu.com\/index.php?rest_route=%2Fwp%2Fv2%2Fmedia&parent=1318"}],"curies":[{"name":"wp","href":"https:\/\/api.w.org\/{rel}","templated":true}]}}