{"id":1377,"date":"2015-07-08T18:22:51","date_gmt":"2015-07-08T16:22:51","guid":{"rendered":"http:\/\/www.urheiluilmailu.com\/?page_id=1377"},"modified":"2015-07-08T18:22:51","modified_gmt":"2015-07-08T16:22:51","slug":"lentolaitteiden-valmistajia-ja-hankintapaikkoja","status":"publish","type":"page","link":"http:\/\/www.urheiluilmailu.com\/?page_id=1377","title":{"rendered":"Lentolaitteiden valmistajia ja hankintapaikkoja"},"content":{"rendered":"<p><img decoding=\"async\" loading=\"lazy\" class=\"alignright size-medium wp-image-221\" title=\"Mosquito (3)\" src=\"http:\/\/www.urheiluilmailu.com\/wp-content\/uploads\/2010\/11\/Mosquito-3-300x225.jpg\" alt=\"\" width=\"300\" height=\"225\" srcset=\"http:\/\/www.urheiluilmailu.com\/wp-content\/uploads\/2010\/11\/Mosquito-3-300x225.jpg 300w, http:\/\/www.urheiluilmailu.com\/wp-content\/uploads\/2010\/11\/Mosquito-3-140x105.jpg 140w, http:\/\/www.urheiluilmailu.com\/wp-content\/uploads\/2010\/11\/Mosquito-3-196x147.jpg 196w, http:\/\/www.urheiluilmailu.com\/wp-content\/uploads\/2010\/11\/Mosquito-3.jpg 640w\" sizes=\"(max-width: 300px) 100vw, 300px\" \/>Moottoroidun riippuliidon harrastajam\u00e4\u00e4r\u00e4t ovat Suomessa varsin v\u00e4h\u00e4iset. Kalustoa, erityisesti moottoroituja valjaita, on harvoin saatavilla. Internet on helpottanut asiaa; mik\u00e4li haluttua laitetta ei l\u00f6ydy Suomesta, voi sen hankkia netin v\u00e4lityksell\u00e4 joko uutena tai k\u00e4ytettyn\u00e4.<\/p>\n<p>Kalusto on uutena hankittuna suhteellisen arvokasta. Koska lajin luonteesta johtuen kalusto pidet\u00e4\u00e4n eritt\u00e4in hyv\u00e4ss\u00e4 kunnossa, on k\u00e4ytetyn laitteen hankkiminenkin usein perusteltua ja j\u00e4rkev\u00e4\u00e4. T\u00e4m\u00e4n vuoksi etsinn??n laajentaminen Suomen rajojen ulkopuolellekin on verrattain turvallista.<\/p>\n<p><em>Kuvassa on ensimm\u00e4inen Mosquitoni laatikossaan. Ostin laitteen saksalaiselta harrastajalta, joka vaihtoi Minimum -moottoroituun kiinte\u00e4siipiseen ATOS -liitimeen. (Alla olevista linkeist\u00e4 selvi\u00e4\u00e4 mink\u00e4lainen laite on kyseess\u00e4 ;-)) L\u00f6ysin Mosquiton <\/em><em><a href=\"http:\/\/www.motorgurt.de\/\">http:\/\/www.motorgurt.de\/<\/a><\/em><em> -sivujen osto- ja myyntipalstalla olevista ilmoituksista. H\u00e4rveli toimitettiin kuriirilla kotiovelleni kuormalavan p\u00e4\u00e4ll\u00e4 puulaatikossa (kokonaispaino 83 kg). Rahtikustannukset olivat parinsadan euron luokkaa ja laitteen kokonaishinta 2700 euron paikkeilla. Mosquitolla oli lennetty ennen minua n. 30 tuntia ja se oli uutta vastaavassa kunnossa.<\/em><\/p>\n<h2><strong>Moottorivalmistaj<\/strong><strong>ia<\/strong><\/h2>\n<p>&nbsp;<\/p>\n<p><a href=\"http:\/\/www.swedishaerosport.se\/mosquito.htm\">http:\/\/www.swedishaerosport.se\/mosquito.htm<\/a><\/p>\n<p><em>Swedish Aerosport, Mosquito -valjaan valmistaja Ruotsista. My\u00f6s k\u00e4ytettyj\u00e4 Mosquitoja tarjolla.<\/em><\/p>\n<p><em><br \/>\n<\/em><\/p>\n<p><a href=\"http:\/\/www.airtimeproducts.com.au\/\">http:\/\/www.airtimeproducts.com.au\/<\/a><\/p>\n<p><em>Airtime Products, australialainen moottoroitujen Explorer LD -valjaiden valmistaja<\/em><\/p>\n<p><em><br \/>\n<\/em><\/p>\n<p><a href=\"http:\/\/www.waspsystems.co.uk\/\">http:\/\/www.waspsystems.co.uk\/<\/a><\/p>\n<p><em>Wasp Systems, englantilainen Wasp -moottorivaljaan ja Mosquito -p\u00e4ivityspaketin valmistaja. P\u00e4ivityksess\u00e4 vanhan <a title=\"Mosquito A-10\" href=\"http:\/\/www.urheiluilmailu.com\/?p=195\">Mosquito A-10<\/a>:n valjaat vaihtuvat uusiin mukavampiin.<\/em><\/p>\n<p><em><br \/>\n<\/em><\/p>\n<p><a href=\"http:\/\/www.flylight.co.uk\/\">http:\/\/www.flylight.co.uk\/<\/a><\/p>\n<p><em>Flylight, Doodlebug -istumavaljaiden ja Dragonfly -pikkutriken englantilainen valmistaja<\/em><\/p>\n<p><em><br \/>\n<\/em><\/p>\n<p><a href=\"http:\/\/www.fillo.cz\/\">http:\/\/www.fillo.cz\/<\/a><\/p>\n<p><em>Fillo. Tsekkil\u00e4inen valmistaja<\/em><\/p>\n<p><em><br \/>\n<\/em><\/p>\n<p><a href=\"http:\/\/skygear.com\/\">http:\/\/skygear.com\/<\/a><\/p>\n<p><em>Skygear. Zenon -valjaiden valmistaja. Zenonin erikoisuus on se, ett\u00e4 samoja valjaita voi k\u00e4ytt\u00e4\u00e4 sek\u00e4 vapaalentoon ett\u00e4 moottoroituun lentoon<\/em><\/p>\n<p><em><br \/>\n<\/em><\/p>\n<p><a href=\"http:\/\/www.schwarze-minimum.de\/\">http:\/\/www.schwarze-minimum.de\/<\/a><\/p>\n<p><em>Norbert Schwarze, kolme vuosikymment\u00e4 tuotannossa olleen Minimum -moottorin saksalainen valmistaja<\/em><\/p>\n<p><em><br \/>\n<\/em><\/p>\n<p><a href=\"http:\/\/www.flyhardtrikes.com\/index.html\">http:\/\/www.flyhardtrikes.com\/index.html<\/a><\/p>\n<p><em>Skycycle. Minitrike Yhdysvalloista<\/em><\/p>\n<p><em><br \/>\n<\/em><\/p>\n<p><a href=\"http:\/\/www.ultralight.hu\/\">http:\/\/www.ultralight.hu\/<\/a><\/p>\n<p><em>BB Trikes. Unkarilaisia pieni\u00e4 ja suurempia trikej\u00e4<\/em><\/p>\n<p><em><br \/>\n<\/em><\/p>\n<p><a href=\"http:\/\/www.bautek.com\/\">http:\/\/www.bautek.com<\/a><\/p>\n<p><em>Bautek, saksalainen trikejen sek\u00e4 riippuliitimien valmistaja<\/em><\/p>\n<h2><strong>Riippuliitimien valmistajia ja edustajia<\/strong><\/h2>\n<p>&nbsp;<\/p>\n<p><a href=\"http:\/\/www.aeros.com.ua\/\">http:\/\/www.aeros.com.ua\/<\/a> ja\u00a0<a href=\"http:\/\/www.aeros.fi\/\">http:\/\/www.aeros.fi\/<\/a><\/p>\n<p><em>Aeros ja Aeros Finland. Ukrainalainen riippuliitimien ja muiden urheiluilmailulaitteiden valmistaja. Alunperin Antonovin lentokonetehtaalta alkunsa saanut valmistaja on tehtaillut v\u00e4lineit\u00e4 parin vuosikymmenen ajan. Yrityksen Target -liidin ja sen erityisesti moottorointia varten valmistettu versio ovat erityisen soveltuva moottoroituun riippuliitoon. <\/em><em>Aeros Finland on tehtaan Suomen edustaja.<\/em><\/p>\n<p><em><br \/>\n<\/em><\/p>\n<p><a href=\"http:\/\/moyes.com.au\/\">http:\/\/moyes.com.au\/<\/a><\/p>\n<p><em>Moyes on riippuliidon alkuajoista mukana kuvioissa ollut australialainen valmistaja. Tunnettu harrastajien keskuudessa eritt\u00e4in vankkarakenteisista, joskin verrattain arvokkaista liitimist\u00e4\u00e4n.<\/em><\/p>\n<p><em><br \/>\n<\/em><\/p>\n<p><a href=\"http:\/\/www.icaro2000.com\/\">http:\/\/www.icaro2000.com\/<\/a><\/p>\n<p><em>Icaro 2000. Italialainen riippuliitimien, pikkutrikejen, kyp\u00e4rien ja muiden urheiluimailutarvikkeiden valmistaja.<\/em><\/p>\n<p><em><br \/>\n<\/em><\/p>\n<p><a href=\"http:\/\/www.finsterwalder-charly.de\/\">http:\/\/www.finsterwalder-charly.de\/<\/a><\/p>\n<p><em>Finsterwalder Charly. Saksalainen riippuliitimien ja urheiluilmailutarvikkeiden valmistaja.<\/em><\/p>\n<p><em><br \/>\n<\/em><\/p>\n<p><a href=\"http:\/\/www.seedwings.at\/\">http:\/\/www.seedwings.at\/<\/a><\/p>\n<p><em>Seedwings. It\u00e4valtalainen riippuliitimien valmistaja. Sivuilta l\u00f6ytyy ajoittain my\u00f6s k\u00e4ytettyj\u00e4 liitimi\u00e4. Kokemukset Seedwingsin k??ytetyist\u00e4 siivist\u00e4 varsin hyvi\u00e4.<\/em><\/p>\n<p><em><br \/>\n<\/em><\/p>\n<p><a href=\"http:\/\/www.airborne.com.au\/pages\/home_n.cfm\">http:\/\/www.airborne.com.au\/pages\/home_n.cfm<\/a><\/p>\n<p><em>Australialainen riippuliitimien ja trikejen valmistaja.<\/em><\/p>\n<p><em><br \/>\n<\/em><\/p>\n<p><a href=\"http:\/\/www.a-i-r.de\/\">http:\/\/www.a-i-r.de\/<\/a><\/p>\n<p><em>A-I-R Aeronautic Innovation. Eritt\u00e4in suorituskykyisen, kiinte\u00e4siipisen ATOS -riippuliitimen valmistaja.<\/em><\/p>\n<p><em><br \/>\n<\/em><\/p>\n<p><a href=\"http:\/\/www.aeriane.com\/\">http:\/\/www.aeriane.com\/<\/a><\/p>\n<p><em>Aeriane Swiftin, riippuliitimen ja purjekoneen v\u00e4limuodon valmistaja. Laite on saatavilla eri muodoissaan kuten jaloilta starttavana tai moottoroituna.<\/em><\/p>\n<p><em><br \/>\n<\/em><\/p>\n<p><a href=\"http:\/\/www.willswing.com\/index.asp\">http:\/\/www.willswing.com\/index.asp<\/a><\/p>\n<p><em>Wills Wing. Yhdysvaltalainen vapaalentoon tarkoitettujen riippuliitimien valmistaja. <\/em><em>Valmistaja ei\u00a0suosittele liitimi\u00e4\u00e4n k\u00e4ytett\u00e4v\u00e4ksi moottoroituina.<\/em><\/p>\n<p><em><em>(<a href=\"http:\/\/www.willswing.com\/articles\/Article.asp?reqArticleName=Motorizing\">http:\/\/www.willswing.com\/articles\/Article.asp?reqArticleName=Motorizing<\/a>)<\/em><\/em><\/p>\n<p><em><strong><em><br \/>\n<\/em><\/strong><\/em><\/p>\n<h2><strong>K\u00e4ytettyjen laitteiden ostopaikat<\/strong><\/h2>\n<p>&nbsp;<\/p>\n<p><span style=\"color: #000000;\"><a href=\"http:\/\/www.motorgurt.de\/\">http:\/\/www.motorgurt.de\/<\/a><\/span><\/p>\n<p><span style=\"color: #000000;\"><em>Saksan Mosquito-j\u00e4lleenmyyj\u00e4. Sivuilla on osio &#8221;Gebrauchtmarkt&#8221;, jossa on ajoittain listattuna yksityisill\u00e4 ihmisill?? myyt\u00e4v\u00e4n\u00e4 olevia k\u00e4ytettyj\u00e4 Mosquitoja<\/em><\/span><\/p>\n<p><span style=\"color: #000000;\"><br \/>\n<\/span><\/p>\n<p><span style=\"color: #000000;\"><a href=\"http:\/\/flysale.biz\/\">http:\/\/flysale.biz\/<\/a><\/span><\/p>\n<p><span style=\"color: #000000;\"><em>Pohjoismainen k\u00e4ytettyjen lentotarvikkeiden ilmoitusforumi<\/em><\/span><\/p>\n<p><span style=\"color: #000000;\"><em><br \/>\n<\/em><\/span><\/p>\n<p><a href=\"http:\/\/www.riippuliito.net\/forum\/\">http:\/\/www.riippuliito.net\/forum\/<\/a><\/p>\n<p><em>Riippuliito.netin forumin osto- ja myyntiosiolla on tarjolla aika ajoin moottoreita, valjaita, liitimi\u00e4 ja tarvikkeita.<\/em><\/p>\n","protected":false},"excerpt":{"rendered":"<p>Moottoroidun riippuliidon harrastajam\u00e4\u00e4r\u00e4t ovat Suomessa varsin v\u00e4h\u00e4iset. Kalustoa, erityisesti moottoroituja valjaita, on harvoin saatavilla. Internet on helpottanut asiaa; mik\u00e4li haluttua laitetta ei l\u00f6ydy Suomesta, voi sen hankkia netin v\u00e4lityksell\u00e4 joko uutena tai k\u00e4ytettyn\u00e4. Kalusto on uutena hankittuna suhteellisen arvokasta. Koska &hellip; <a href=\"http:\/\/www.urheiluilmailu.com\/?page_id=1377\">Continued<\/a><\/p>\n","protected":false},"author":1,"featured_media":0,"parent":648,"menu_order":0,"comment_status":"closed","ping_status":"open","template":"","meta":[],"_links":{"self":[{"href":"http:\/\/www.urheiluilmailu.com\/index.php?rest_route=\/wp\/v2\/pages\/1377"}],"collection":[{"href":"http:\/\/www.urheiluilmailu.com\/index.php?rest_route=\/wp\/v2\/pages"}],"about":[{"href":"http:\/\/www.urheiluilmailu.com\/index.php?rest_route=\/wp\/v2\/types\/page"}],"author":[{"embeddable":true,"href":"http:\/\/www.urheiluilmailu.com\/index.php?rest_route=\/wp\/v2\/users\/1"}],"replies":[{"embeddable":true,"href":"http:\/\/www.urheiluilmailu.com\/index.php?rest_route=%2Fwp%2Fv2%2Fcomments&post=1377"}],"version-history":[{"count":1,"href":"http:\/\/www.urheiluilmailu.com\/index.php?rest_route=\/wp\/v2\/pages\/1377\/revisions"}],"predecessor-version":[{"id":1378,"href":"http:\/\/www.urheiluilmailu.com\/index.php?rest_route=\/wp\/v2\/pages\/1377\/revisions\/1378"}],"up":[{"embeddable":true,"href":"http:\/\/www.urheiluilmailu.com\/index.php?rest_route=\/wp\/v2\/pages\/648"}],"wp:attachment":[{"href":"http:\/\/www.urheiluilmailu.com\/index.php?rest_route=%2Fwp%2Fv2%2Fmedia&parent=1377"}],"curies":[{"name":"wp","href":"https:\/\/api.w.org\/{rel}","templated":true}]}}