{"id":1242,"date":"2015-07-02T00:00:04","date_gmt":"2015-07-01T22:00:04","guid":{"rendered":"http:\/\/www.urheiluilmailu.com\/?page_id=1242"},"modified":"2015-07-13T23:16:48","modified_gmt":"2015-07-13T21:16:48","slug":"etusivu","status":"publish","type":"page","link":"https:\/\/www.urheiluilmailu.com\/?page_id=1242","title":{"rendered":"Tietoa blogista"},"content":{"rendered":"<p><strong><img decoding=\"async\" loading=\"lazy\" class=\"  wp-image-965 alignright\" title=\"IMG_7068\" src=\"http:\/\/www.urheiluilmailu.com\/wp-content\/uploads\/2010\/11\/IMG_7068-300x214.jpg\" alt=\"\" width=\"363\" height=\"259\" \/>Urheiluilmailu.com<\/strong> on blogi moottoroidusta riippuliidosta. Sen tarkoitus on tarjota tietoa lajista kiinnostuneille, omakohtaisten kokemusten muodossa.<\/p>\n<p>Blogin\u00a0perustamisen taustalla oli halu jakaa ennen kirjoittamattomana ollutta tietoa t\u00e4m\u00e4n verrattain\u00a0erikoisen urheilulajin harrastamisesta. Sivujen p\u00e4ivitt\u00e4misess\u00e4, samoin kuin omassa riippuliitoharrastuksessani oli tauko vuosien 2011 ja 2014 v\u00e4lill\u00e4, johtuen ammattilent\u00e4j\u00e4opinnoistani.<\/p>\n<p>Toni Rosendahl<\/p>\n<p><a href=\"http:\/\/www.tonirosendahl.com\">http:\/\/www.tonirosendahl.com<\/a><\/p>\n<p><em>Kysyth\u00e4n luvan ennen artikkelien tai kuvien uudelleenjulkaisua? \ud83d\ude09<\/em><\/p>\n<p>&nbsp;<\/p>\n","protected":false},"excerpt":{"rendered":"<p>Urheiluilmailu.com on blogi moottoroidusta riippuliidosta. Sen tarkoitus on tarjota tietoa lajista kiinnostuneille, omakohtaisten kokemusten muodossa. Blogin\u00a0perustamisen taustalla oli halu jakaa ennen kirjoittamattomana ollutta tietoa t\u00e4m\u00e4n verrattain\u00a0erikoisen urheilulajin harrastamisesta. Sivujen p\u00e4ivitt\u00e4misess\u00e4, samoin kuin omassa riippuliitoharrastuksessani oli tauko vuosien 2011 ja 2014 &hellip; <a href=\"https:\/\/www.urheiluilmailu.com\/?page_id=1242\">Continued<\/a><\/p>\n","protected":false},"author":1,"featured_media":0,"parent":0,"menu_order":0,"comment_status":"closed","ping_status":"open","template":"","meta":[],"_links":{"self":[{"href":"https:\/\/www.urheiluilmailu.com\/index.php?rest_route=\/wp\/v2\/pages\/1242"}],"collection":[{"href":"https:\/\/www.urheiluilmailu.com\/index.php?rest_route=\/wp\/v2\/pages"}],"about":[{"href":"https:\/\/www.urheiluilmailu.com\/index.php?rest_route=\/wp\/v2\/types\/page"}],"author":[{"embeddable":true,"href":"https:\/\/www.urheiluilmailu.com\/index.php?rest_route=\/wp\/v2\/users\/1"}],"replies":[{"embeddable":true,"href":"https:\/\/www.urheiluilmailu.com\/index.php?rest_route=%2Fwp%2Fv2%2Fcomments&post=1242"}],"version-history":[{"count":9,"href":"https:\/\/www.urheiluilmailu.com\/index.php?rest_route=\/wp\/v2\/pages\/1242\/revisions"}],"predecessor-version":[{"id":1572,"href":"https:\/\/www.urheiluilmailu.com\/index.php?rest_route=\/wp\/v2\/pages\/1242\/revisions\/1572"}],"wp:attachment":[{"href":"https:\/\/www.urheiluilmailu.com\/index.php?rest_route=%2Fwp%2Fv2%2Fmedia&parent=1242"}],"curies":[{"name":"wp","href":"https:\/\/api.w.org\/{rel}","templated":true}]}}