{"id":1340,"date":"2015-07-08T14:08:40","date_gmt":"2015-07-08T12:08:40","guid":{"rendered":"http:\/\/www.urheiluilmailu.com\/?page_id=1340"},"modified":"2015-07-09T11:21:16","modified_gmt":"2015-07-09T09:21:16","slug":"lennonvalmistelu-ja-saatiedot","status":"publish","type":"page","link":"https:\/\/www.urheiluilmailu.com\/?page_id=1340","title":{"rendered":"Lennonvalmistelu ja s\u00e4\u00e4tiedot"},"content":{"rendered":"<p>Jotta v\u00e4ltyt\u00e4\u00e4n turhalta reissulta lentopaikalle, sekaannuksilta ja mahdollisilta vaaratilanteilta, tulee ennen lentoa katsoa muutamia onnistuneen lennon kannalta t\u00e4rkeit\u00e4 asioita.<\/p>\n<p>Liitimill\u00e4 operointi on varsin s\u00e4\u00e4herkk\u00e4\u00e4 puuhaa, joten s\u00e4\u00e4tiedotteiden ja -ennusteiden rooli on varsin suuri. S\u00e4\u00e4n ohella my\u00f6s lentopaikkaan ja mahdolliseen suunniteltuun reittiin liittyv\u00e4t tiedotteet tulee tarkastaa, olkoonkin ett\u00e4 muusta ilmailusta poiketen liitimill\u00e4 lent\u00e4minen on ehk\u00e4 enemm\u00e4n paikallista toimintaa.<\/p>\n<h1>S\u00e4\u00e4tiedot<\/h1>\n<p>S\u00e4\u00e4tietoja saa useista eri l\u00e4hteist\u00e4 ja joskus ne voivat olla jopa samaa mielt\u00e4 toistensa kanssa&#8230; Ilmatieteenlaitoksen ilmailus\u00e4\u00e4 -sivu on erityisesti ilmailuk\u00e4ytt\u00f6\u00f6n suunnattu s\u00e4\u00e4palvelu, joka esitt\u00e4\u00e4 tiedot parhaiten ilmailijoita palvelevassa muodossa.<\/p>\n<p><a href=\"https:\/\/www.ilmailusaa.fi\/\">https:\/\/www.ilmailusaa.fi\/<\/a><\/p>\n<h2>Merkitsev\u00e4n s\u00e4\u00e4n kartta, SWC<\/h2>\n<p>Yksi tapa s\u00e4\u00e4tietojen tulkintaan on katsoa ensin tilannetta suuremmalta alueelta ja edet\u00e4 siit\u00e4 lentopaikka-, tai reittikohtaiseen tarkasteluun. Itse aloitan s\u00e4\u00e4tilan tarkastelun Ilmailus\u00e4\u00e4palvelun SWC -kartasta. SWC-kartta, Significant Weather Chart, merkitsev\u00e4n s\u00e4\u00e4n kartta-kartta, n\u00e4ytt\u00e4\u00e4 pohjoismaiden alueella vallitsevat s\u00e4\u00e4h\u00e4rdellit, joilla on vaikutusta my\u00f6s lentopaikkakohtaiseen s\u00e4\u00e4h\u00e4n. Kartta julkaistaan 4 tuntia ennen sen voimassaoloaikaa joka lukee UTC-aikana (GMT + 0) kartan oikeassa yl\u00e4reunassa.<\/p>\n<p>Alla on luvatta Ilmatieteenlaitokselta lainattu esimerkki SW-kartasta.<\/p>\n<p><a href=\"http:\/\/www.urheiluilmailu.com\/wp-content\/uploads\/2015\/07\/swc.gif\"><img decoding=\"async\" loading=\"lazy\" class=\"aligncenter size-medium wp-image-1343\" src=\"http:\/\/www.urheiluilmailu.com\/wp-content\/uploads\/2015\/07\/swc-211x300.gif\" alt=\"SWC-kartta\" width=\"211\" height=\"300\" \/><\/a><\/p>\n<p>SWC-kartta l\u00f6ytyy osoitteesta <a href=\"https:\/\/ilmailusaa.fi\/#id=swc#map=southern-finland#level=SWC\">https:\/\/ilmailusaa.fi\/#id=swc#map=southern-finland#level=SWC<\/a> ja tulkintaohjeet ovat kartan alareunassa. Vihre\u00e4 aaltoviiva erottelee\u00a0merkitsev\u00e4n s\u00e4\u00e4n alueet toisistaan ja symbolit alueen sis\u00e4ll\u00e4 kertovat, mit\u00e4 s\u00e4\u00e4t\u00e4 alueella on tarjolla.\u00a0Kartan tarkempi tulkintaohje l\u00f6ytyy osoitteesta\u00a0<a href=\"https:\/\/ilmailusaa.fi\/pdf\/NAMCon_Nordic_SWC_User_Guide_v1_0_FI.pdf\">https:\/\/ilmailusaa.fi\/pdf\/NAMCon_Nordic_SWC_User_Guide_v1_0_FI.pdf<\/a>.<\/p>\n<p>Kartan symboleista kolme on sellaisia, joita harrasteilmailija erityisesti kavahtaa (Kuvat: Ilmatieteen laitos):<a href=\"http:\/\/www.urheiluilmailu.com\/wp-content\/uploads\/2015\/07\/icing.png\"><img decoding=\"async\" loading=\"lazy\" class=\"aligncenter size-full wp-image-1344\" src=\"http:\/\/www.urheiluilmailu.com\/wp-content\/uploads\/2015\/07\/icing.png\" alt=\"icing\" width=\"200\" height=\"25\" srcset=\"https:\/\/www.urheiluilmailu.com\/wp-content\/uploads\/2015\/07\/icing.png 200w, https:\/\/www.urheiluilmailu.com\/wp-content\/uploads\/2015\/07\/icing-196x25.png 196w\" sizes=\"(max-width: 200px) 100vw, 200px\" \/><\/a><\/p>\n<p><a href=\"http:\/\/www.urheiluilmailu.com\/wp-content\/uploads\/2015\/07\/freeze.png\"><img decoding=\"async\" loading=\"lazy\" class=\"aligncenter size-full wp-image-1345\" src=\"http:\/\/www.urheiluilmailu.com\/wp-content\/uploads\/2015\/07\/freeze.png\" alt=\"freeze\" width=\"185\" height=\"44\" \/><\/a><\/p>\n<h3>J\u00e4\u00e4t\u00e4v\u00e4\u00e4 salamointia<\/h3>\n<p>Ensimm\u00e4iset sarvip\u00e4\u00e4symbolit merkitsev\u00e4t <strong><em>j\u00e4\u00e4t\u00e4v\u00e4\u00e4<\/em> <\/strong>keli\u00e4. J\u00e4\u00e4t\u00e4mist\u00e4 esiintyy usein pilvess\u00e4. Pilvess\u00e4 ei riippuliitimill\u00e4 lennet\u00e4, mutta j\u00e4\u00e4t\u00e4mist\u00e4 voi esiinty\u00e4 my\u00f6s pilven ulkopuolella. J\u00e4\u00e4tynyt siipi lent\u00e4\u00e4 huonosti tai ei ollenkaan, joten t\u00e4m\u00e4 on varma p\u00e4iv\u00e4n pilaaja. J\u00e4\u00e4t\u00e4v\u00e4t olosuhteet eiv\u00e4t esiinny v\u00e4ltt\u00e4m\u00e4tt\u00e4 silloin kun pakkasta on hirve\u00e4sti, sill\u00e4 ne ovat\u00a0enemm\u00e4nkin kosteudesta riippuva\u00a0ilmi\u00f6.<\/p>\n<p>Suurimmassa osassa yleisilmailukoneita ei ole mink\u00e4\u00e4nlaista j\u00e4\u00e4npoistoa, jolloin j\u00e4\u00e4t\u00e4viss\u00e4 olosuhteissa lent\u00e4minen niill\u00e4kin aiheuttaa lento-ominaisuuksien dramaattisen heikkenemisen, usein my\u00f6s moottoriongelmia kaasuttimien j\u00e4\u00e4tymisen vuoksi sek\u00e4 kokonaisuutena usein aivan t\u00e4ydellisen p\u00e4iv\u00e4n pilallemenon jonkinasteisen lento-onnettomuuden muodossa.<\/p>\n<p><strong><em>Freezing precipitation<\/em><\/strong>, muikkusymboli, merkitsee j\u00e4\u00e4t\u00e4v\u00e4\u00e4 sadetta. Eli sellaista, joka j\u00e4m\u00e4ht\u00e4\u00e4 kiinni siipeen. P\u00e4iv\u00e4 menee pilalle t\u00e4st\u00e4kin.<\/p>\n<p><em><img decoding=\"async\" loading=\"lazy\" class=\" size-medium wp-image-1346 alignright\" src=\"http:\/\/www.urheiluilmailu.com\/wp-content\/uploads\/2015\/07\/0911365-300x229.jpg\" alt=\"WXRDR w hail damage\" width=\"300\" height=\"229\" srcset=\"https:\/\/www.urheiluilmailu.com\/wp-content\/uploads\/2015\/07\/0911365-300x229.jpg 300w, https:\/\/www.urheiluilmailu.com\/wp-content\/uploads\/2015\/07\/0911365.jpg 1024w, https:\/\/www.urheiluilmailu.com\/wp-content\/uploads\/2015\/07\/0911365-870x663.jpg 870w\" sizes=\"(max-width: 300px) 100vw, 300px\" \/><strong>Thunderstorm, hail<\/strong><\/em>, ukkosmyrskyj\u00e4 ja rakeita. My\u00f6sk\u00e4\u00e4n t\u00e4nne ei ole kovinkaan houkuttelevaa menn\u00e4 tarjoamaan liidint\u00e4. Ukkosiin liittyy usein voimakkaita tuulenpuuskia, jopa <a href=\"https:\/\/en.wikipedia.org\/wiki\/Microburst\">mikropurkauksia<\/a>, jotka ovat olleet syyn\u00e4 useisiin lento-onnettomuuksiin. Rakeet voivat ukkospilviss\u00e4 kasvaa huomattavan suuriksi ja ne usein n\u00e4kyv\u00e4tkin lentokoneen s\u00e4\u00e4tutkissa (Kuva: Airliners.net \/ Dave Broome).<\/p>\n<p>Pilven sis\u00e4ll\u00e4 py\u00f6rivist\u00e4 suurista rakeista voi p\u00e4\u00e4st\u00e4 nauttimaan my\u00f6s liitimell\u00e4, sill\u00e4 ukkospilveen liittyy usein voimakkaita nosteita, joita ei v\u00e4ltt\u00e4m\u00e4tt\u00e4 p\u00e4\u00e4se edes karkuun.\u00a0T\u00e4ss\u00e4 kuitenkin muutama peruste sille, miksi lentotoiminnalla ukkosalueiden l\u00e4hell\u00e4 voi olla huomattaviakin terveysvaikutuksia, jotka eiv\u00e4t edes liity pilvien huomattavaan s\u00e4hk\u00f6isyyteen.<\/p>\n<h3>Pilvikorkeus<\/h3>\n<p><a href=\"http:\/\/www.urheiluilmailu.com\/wp-content\/uploads\/2015\/07\/clouds.png\"><img decoding=\"async\" loading=\"lazy\" class=\"aligncenter size-full wp-image-1348\" src=\"http:\/\/www.urheiluilmailu.com\/wp-content\/uploads\/2015\/07\/clouds.png\" alt=\"clouds\" width=\"167\" height=\"48\" \/><\/a><\/p>\n<p>Pilvikorkeus\u00a0kiinnostaa erityisesti riippuliit\u00e4ji\u00e4 sek\u00e4 muita n\u00e4k\u00f6lentos\u00e4\u00e4nn\u00f6ill\u00e4 operoivia. Pilvet ilmoitetaan SWC-kartalla yll\u00e4olevalla kuvalla kerrotulla tavalla. Merkinn\u00e4st\u00e4 ilmenee pilven tyyppi, TCU\/CB (Towering Cumulus \/ Cumulonimbus). Sen per\u00e4ss\u00e4 on kerrottuna pilviesiintym\u00e4n yl\u00e4raja (15 000 &#8211; 27 000 jalkaa), sek\u00e4 sen alaraja (2 500 &#8211; 5 000 jalkaa). Tarkenne &#8221;ISOL&#8221;, Isolated, merkitsee sit\u00e4, ett\u00e4 korkeaksi kehittyneit\u00e4 cumuluspilvi\u00e4, tai cumulonimbus-pilvi\u00e4 m\u00f6ll\u00f6tt\u00e4\u00e4\u00a0siell\u00e4 t\u00e4\u00e4ll\u00e4 toisistaan erill\u00e4\u00e4n olevina esiintymin\u00e4.<\/p>\n<p><em>Towering Cumulus sek\u00e4 Cumulonimbus -pilvet liittyv\u00e4t molemmat ep\u00e4vakaaseen s\u00e4\u00e4h\u00e4n ja ne ovat kehittyneet konvektion, maasta nousseen l\u00e4mpim\u00e4n ilmavirran ja kosteuden avulla. Suotuisissa olosuhteissa TCU ja CB kehittyv\u00e4t usein ukkospilviksi.<\/em><\/p>\n<p>Pilvien tunnisteiden selitykset l\u00f6ytyv\u00e4t Ilmatieteen laitoksen julkaisemasta\u00a0<a href=\"https:\/\/ilmailusaa.fi\/pdf\/saahaitari_2015.pdf\">S\u00e4\u00e4haitarista<\/a>, joka sis\u00e4lt\u00e4\u00e4 tulkintaohjeet heid\u00e4n toimittamiinsa ilmailus\u00e4\u00e4tuotteisiin. K\u00e4ytetyt merkinn\u00e4t ja niiden tulkinnat ovat kansainv\u00e4lisi\u00e4.<\/p>\n<h2>GAFOR<\/h2>\n<p>Seuraavana listalla on GAFOR, General Area FORecast. Kyseess\u00e4 on tekstimuotoinen, aluekohtainen s\u00e4\u00e4ennuste, joka l\u00f6ytyy osoitteesta <a href=\"https:\/\/ilmailusaa.fi\/weather-flightpath.html?location#textproduct-observations\">https:\/\/ilmailusaa.fi\/weather-flightpath.html?location#textproduct-observations<\/a>. Suomi on jaoteltu alueisiin, joille ennusteet laaditaan. Aluejako l\u00f6ytyy niin ik\u00e4\u00e4n\u00a0<a href=\"https:\/\/ilmailusaa.fi\/pdf\/saahaitari_2015.pdf\">S\u00e4\u00e4hanurista<\/a>.<\/p>\n<p>Otetaanpa esimerkki. Lenn\u00e4n Lappeenrannasta, joten minua kiinnostava alue on numeroltaan 22 (S\u00e4\u00e4haitarin viimeinen sivu)<\/p>\n<p><a href=\"http:\/\/www.urheiluilmailu.com\/wp-content\/uploads\/2015\/07\/gafor-area.png\"><img decoding=\"async\" loading=\"lazy\" class=\"aligncenter size-full wp-image-1350\" src=\"http:\/\/www.urheiluilmailu.com\/wp-content\/uploads\/2015\/07\/gafor-area.png\" alt=\"gafor-area\" width=\"122\" height=\"128\" \/><\/a><\/p>\n<p><a href=\"http:\/\/www.urheiluilmailu.com\/wp-content\/uploads\/2015\/07\/gafor.png\"><img decoding=\"async\" loading=\"lazy\" class=\"aligncenter size-medium wp-image-1351\" src=\"http:\/\/www.urheiluilmailu.com\/wp-content\/uploads\/2015\/07\/gafor-300x205.png\" alt=\"gafor\" width=\"300\" height=\"205\" srcset=\"https:\/\/www.urheiluilmailu.com\/wp-content\/uploads\/2015\/07\/gafor-300x205.png 300w, https:\/\/www.urheiluilmailu.com\/wp-content\/uploads\/2015\/07\/gafor.png 369w\" sizes=\"(max-width: 300px) 100vw, 300px\" \/><\/a><\/p>\n<p>Ennuste on voimassa kello 12 &#8211; 21 UTC-aikaa. Ennusteen voimassaoloajan:<\/p>\n<ul>\n<li>Pintatuuli (SFC, Surface), puhaltaa suunnasta 120-170 astetta 4-10 solmun voimakkuudella.<\/li>\n<li>Korkeudella 2000 jalkaa tuulee suunnasta 160-260 astetta voimakkuudella 5-15 solmua. Aikav\u00e4lill\u00e4 16 &#8211; 19 UTC tuuli k\u00e4\u00e4ntyy suuntaan 140 astetta, voimistuen 15-30 solmuun.<\/li>\n<li>Korkeudella 5000 jalkaa tuuli on suunnasta 200-250 astetta, voimakkuudella 10-20 solmua. Aikav\u00e4lill\u00e4 16-19 UTC tuuli k\u00e4\u00e4ntyy suuntaan 160 astetta, voimakkuudella 10-20 solmua.<\/li>\n<li><a href=\"https:\/\/en.wikipedia.org\/wiki\/Freezing_level\">Nollaraja, freezing level\u00a0<\/a>on korkeudella lentopinta 75-105. Eli 7 500 &#8211; 10 500 jalkaa. Sen yl\u00e4puolella l\u00e4mp\u00f6tila on alle nollan ja j\u00e4\u00e4t\u00e4\u00e4.<\/li>\n<li>ICE LCA MOD INC FL105-160. T\u00e4m\u00e4n tulkinnassa auttaa taas S\u00e4\u00e4hanuri. Icing, local, moderate, in cloud, flight level 105-160. Verrattain voimakasta paikallista j\u00e4\u00e4t\u00e4miss\u00e4 pilvess\u00e4, lentopinnoilla 105-160 (10 500 &#8211; 16 000 jalkaa). T\u00e4nne tosin liitimell\u00e4 ei yll\u00e4.<\/li>\n<li>TURB NIL, ei turbulenssia.<\/li>\n<li>GAFOR EFRO 1221 BBBB 21,22,24 O LCA O\/D SHRA BECMG 1821 D RA\/SHRA 23,25 O, eli: Rovaniemell\u00e4 laadittu ennuste, jonka mukaan n\u00e4kyvyys alueilla 21, 22 ja 24 on 8000 metri\u00e4 tai enemm\u00e4n ja pilvikorkeus on 1500 jalkaa tai enemm\u00e4n. Paikallisesti se voi kuitenkin pudota 5000-8000 metriin ja 1000-1500 jalkaan. Sadekuuroja. 18-21 (UTC) v\u00e4lisen\u00e4 aikana n\u00e4kyvyys tulee putoamaan 5000-8000 metriin ja pilvikorkeus 1000-1500 jalkaan. Sadetta tai sadekuuroja. Alueilla 23 ja 25 n\u00e4kyvyys on kuitenkin 8000 metri\u00e4 tai parempi, pilvikorkeus 1500 jalkaa tai yli sen. Gaforin tulkintaohjeet l\u00f6ytyv\u00e4t my\u00f6s s\u00e4\u00e4haitarista, josta ote alla:<\/li>\n<\/ul>\n<p><a href=\"http:\/\/www.urheiluilmailu.com\/wp-content\/uploads\/2015\/07\/gafor_tulkinta.png\"><img decoding=\"async\" loading=\"lazy\" class=\"aligncenter wp-image-1353 size-full\" src=\"http:\/\/www.urheiluilmailu.com\/wp-content\/uploads\/2015\/07\/gafor_tulkinta.png\" alt=\"gafor_tulkinta\" width=\"496\" height=\"325\" srcset=\"https:\/\/www.urheiluilmailu.com\/wp-content\/uploads\/2015\/07\/gafor_tulkinta.png 496w, https:\/\/www.urheiluilmailu.com\/wp-content\/uploads\/2015\/07\/gafor_tulkinta-300x197.png 300w\" sizes=\"(max-width: 496px) 100vw, 496px\" \/><\/a><\/p>\n<h2>Ennustekartat ja tutkakuvat<\/h2>\n<p>Riippuliit\u00e4j\u00e4\u00e4 kiinnostavia kuvatuksia ovat tuuliennusteet eri korkeuksille, sek\u00e4 tietysti erilaiset havainto- ja ennustekuvat sadealueista ja n\u00e4kyvyydest\u00e4. N\u00e4iden tulkinta on enemm\u00e4n ja v\u00e4hemm\u00e4n itsest\u00e4\u00e4n selv\u00e4\u00e4.<a href=\"http:\/\/www.urheiluilmailu.com\/wp-content\/uploads\/2015\/07\/3vrk_lentopinnoilla.png\"><img decoding=\"async\" loading=\"lazy\" class=\"aligncenter size-medium wp-image-1356\" src=\"http:\/\/www.urheiluilmailu.com\/wp-content\/uploads\/2015\/07\/3vrk_lentopinnoilla-300x239.png\" alt=\"3vrk_lentopinnoilla\" width=\"300\" height=\"239\" srcset=\"https:\/\/www.urheiluilmailu.com\/wp-content\/uploads\/2015\/07\/3vrk_lentopinnoilla-300x239.png 300w, https:\/\/www.urheiluilmailu.com\/wp-content\/uploads\/2015\/07\/3vrk_lentopinnoilla.png 674w\" sizes=\"(max-width: 300px) 100vw, 300px\" \/><\/a><\/p>\n<p>&nbsp;<\/p>\n<h2>Metar ja TAF<\/h2>\n<p>Takaisin koodikielen ja <a href=\"https:\/\/ilmailusaa.fi\/pdf\/saahaitari_2015.pdf\">S\u00e4\u00e4hanurin <\/a>pariin. Metar ja TAF (Terminal Area Forecast) ovat lentopaikkakohtaisia tiedotteita. Ne ottavat huomioon s\u00e4\u00e4tilan lentopaikan l\u00e4heisyydess\u00e4. Metar kertoo vallitsevan, senhetkisen s\u00e4\u00e4tilan, siin\u00e4 miss\u00e4 TAF on nimens\u00e4 mukaisesti ennuste. Ne n\u00e4ytt\u00e4v\u00e4t varsin samanlaisia, ja niiden tulkinta on verrattain helppoa S\u00e4\u00e4haitarin (tai Internetin \ud83d\ude09 avustuksella:<\/p>\n<p><em>EFLP 081350Z AUTO 20005KT 140V240 9999 FEW026 SCT032 18\/13 Q1000=<\/em><\/p>\n<p>Lappeenranta, julkaistu 8. p\u00e4iv\u00e4 vallitsevaa kuukautta kello 13.50 Zulu (UTC, Greenwichin aika). S\u00e4\u00e4tiedot ovat\u00a0automaattisen s\u00e4\u00e4p\u00f6mpelin tuotos ja ihminen ei ole sen tuottamiseen osallistunut. T\u00e4ll\u00e4 ajanhetkell\u00e4 tuuli puhaltaa suunnasta 200 astetta ja on voimakkudeltaan 5 solmua. Vaihteluv\u00e4li on 140 &#8211; 240 astetta. N\u00e4kyvyys on parempi, kuin mitattavissa oleva maksimiarvo. Pilvisyys: Few (taivaankannesta 1-2 kahdeksasosaa on pilvien peitossa)\u00a02600 jalkaa, Scattered (taivaasta 3-4 \/ 8 on pilvien peitossa), 3200 jalkaa. L\u00e4mp\u00f6tila 18 astetta, kastepiste 13 astetta. Ilmanpaine 1000 hPa.<\/p>\n<p>Lis\u00e4tietoa Metar ja TAF -sanomista:\u00a0<a href=\"http:\/\/ilmatieteenlaitos.fi\/avoin-data-metar-sanomat\">http:\/\/ilmatieteenlaitos.fi\/avoin-data-metar-sanomat<\/a><\/p>\n<h2>Termiikkiennuste<\/h2>\n<p>Termiikkiennuste on\u00a0sek\u00e4\u00a0purjelent\u00e4jien ett\u00e4 riippu- ja varjoliit\u00e4jien k\u00e4ytt\u00f6\u00f6n laadittu s\u00e4\u00e4ennuste nousevista ilmavirtauksista. Koska termiikit helpottavat my\u00f6s moottoroiduilla liitimill\u00e4 yl\u00f6sp\u00e4in menemist\u00e4, my\u00f6s termiikkiennuste on hyv\u00e4 ottaa huomioon lentop\u00e4iv\u00e4\u00e4 suunniteltaessa.<\/p>\n<p><a href=\"http:\/\/ennuste.ilmailuliitto.fi\/index.html\">http:\/\/ennuste.ilmailuliitto.fi\/index.html<\/a><\/p>\n<p>&nbsp;<\/p>\n<h1>Bulletinit ja lentotiedotuspalvelu<\/h1>\n<h1><a href=\"http:\/\/www.urheiluilmailu.com\/wp-content\/uploads\/2015\/07\/finavian_webbisivu.png\"><img decoding=\"async\" loading=\"lazy\" class=\"aligncenter size-medium wp-image-1370\" src=\"http:\/\/www.urheiluilmailu.com\/wp-content\/uploads\/2015\/07\/finavian_webbisivu-300x180.png\" alt=\"finavian_webbisivu\" width=\"300\" height=\"180\" srcset=\"https:\/\/www.urheiluilmailu.com\/wp-content\/uploads\/2015\/07\/finavian_webbisivu-300x180.png 300w, https:\/\/www.urheiluilmailu.com\/wp-content\/uploads\/2015\/07\/finavian_webbisivu-870x521.png 870w, https:\/\/www.urheiluilmailu.com\/wp-content\/uploads\/2015\/07\/finavian_webbisivu.png 958w\" sizes=\"(max-width: 300px) 100vw, 300px\" \/><\/a><\/h1>\n<p>S\u00e4\u00e4tietojen ohella lentotiedotuspalvelun tiedot ovat olennainen osa turvallista ilmailua. Finavian tuottama\u00a0<a href=\"https:\/\/www.ais.fi\">https:\/\/www.ais.fi<\/a>\u00a0pit\u00e4\u00e4 sis\u00e4ll\u00e4\u00e4n t\u00e4rkeit\u00e4 tietoja lentotoimintaan liittyen. Lentop\u00e4iv\u00e4\u00e4 suunniteltaessa erityisesti <a href=\"https:\/\/ais.fi\/ais\/bulletins\/\">bulletinit<\/a>\u00a0tulee katsoa niilt\u00e4 lentopaikoilta ja alueilta, joihin oma toiminta liittyy. Bulletinien, samoin kuin s\u00e4\u00e4tietojenkin kanssa, tulee olla tarkkana, ett\u00e4 varmasti lukee voimassaolevaa, oikean p\u00e4iv\u00e4n tiedotetta.<\/p>\n<h2>Lentopaikan pysyv\u00e4t tiedot<\/h2>\n<p><img decoding=\"async\" loading=\"lazy\" class=\" size-full wp-image-1372 alignright\" src=\"http:\/\/www.urheiluilmailu.com\/wp-content\/uploads\/2015\/07\/lentopaikat.png\" alt=\"lentopaikat\" width=\"218\" height=\"171\" \/>Ennen lentotoimintaa uudella lentopaikalla, tulee sen tietoihin tutustua tarkoin. Lentopaikkoihin liittyv\u00e4t tiedot, kuten k\u00e4ytett\u00e4v\u00e4t radiotaajuudet, laskukierroskuviot sek\u00e4 muut tarpeelliset tiedot l\u00f6ytyv\u00e4t kahdesta paikasta, <a href=\"https:\/\/ais.fi\/ais\/eaip\/fi\/\">Finavian eAIP<\/a>:st\u00e4, sek\u00e4 Suomen Ilmailuliiton yll\u00e4pit\u00e4m\u00e4st\u00e4 <a href=\"http:\/\/lentopaikat.fi\/\">Lentopaikat.fi<\/a> -palvelusta. Lentopaikat on jaoteltu eri palveluihin sen mukaan, ovatko ne valvottuja, lennonjohdon sis\u00e4lt\u00e4vi\u00e4 paikkoja vaiko ns. korpikentti\u00e4. Finavian eAIP -palvelu sis\u00e4lt\u00e4\u00e4 valvotut lentopaikat ja harrastajavoimin yll\u00e4pidetty Lentopaikat.fi taas lennonjohdottomat korpikent\u00e4t.<\/p>\n<p>eAIP:ssa lentopaikan tiedot aukeavat kun klikkaa kartalla olevaa lentokentt\u00e4\u00e4. Liidinlent\u00e4j\u00e4\u00e4 kiinnostavimpia asioita ovat Tekstisivu, joka kertoo lentopaikan tiedot tekstimuodossa sek\u00e4 ADC, VAC ja LDG -kartat. N\u00e4ist\u00e4 ilmenev\u00e4t esimerkiksi. lentopaikan laskukierros, sen korkeus ja summittainen paikka.<\/p>\n<p>Lentopaikat.fi:n ulosanti on yksinkertaisempi, sis\u00e4lt\u00e4en kuitenkin harrasteilmailun kannalta olennaisimmat tiedot, kuten radiotaajuudet, laskukierroskorkeudet, kent\u00e4n kartan ja muun olennaisen.<\/p>\n<h2>Muuttuvat, ajankohtaiset tiedotteet, bulletinit<\/h2>\n<p><a href=\"http:\/\/www.urheiluilmailu.com\/wp-content\/uploads\/2015\/07\/bulletinpalvelu.png\"><img decoding=\"async\" loading=\"lazy\" class=\" size-full wp-image-1369 alignright\" src=\"http:\/\/www.urheiluilmailu.com\/wp-content\/uploads\/2015\/07\/bulletinpalvelu.png\" alt=\"bulletinpalvelu\" width=\"169\" height=\"80\" \/><\/a><\/p>\n<p>Ajankohtaiset tiedotteet l\u00f6ytyv\u00e4t Finavian Bulletinpalvelusta, osoitteesta\u00a0<a href=\"https:\/\/ais.fi\/ais\/bulletins\/\">https:\/\/ais.fi\/ais\/bulletins\/<\/a>. Bulletineissa ilmoitettavat tiedot liittyv\u00e4t muunmuassa siihen, onko lentopaikka k\u00e4ytett\u00e4viss\u00e4, milloin lennonjohto on auki, ampuuko Puolustusvoimat kovilla l\u00e4hettyvill\u00e4 tai onko lentopaikalla tai lentoreitill\u00e4 jotain muuta huomionarvoista.<\/p>\n<h3>FIR Bulletin, VFR \/ <i>General purpose<\/i><\/h3>\n<p>Toimin Lappeenrannasta k\u00e4sin, joten minua kiinnostaa ainakin Lappeenranta, sek\u00e4 l\u00e4hikent\u00e4t. Tarkastellaan ensin Lappeenrannan kent\u00e4n tiedotteet kohdasta VFR \/ General purpose:<\/p>\n<p><a href=\"http:\/\/www.urheiluilmailu.com\/wp-content\/uploads\/2015\/07\/bulletins-1.png\"><img decoding=\"async\" loading=\"lazy\" class=\"aligncenter size-medium wp-image-1360\" src=\"http:\/\/www.urheiluilmailu.com\/wp-content\/uploads\/2015\/07\/bulletins-1-300x26.png\" alt=\"bulletins-1\" width=\"300\" height=\"26\" srcset=\"https:\/\/www.urheiluilmailu.com\/wp-content\/uploads\/2015\/07\/bulletins-1-300x26.png 300w, https:\/\/www.urheiluilmailu.com\/wp-content\/uploads\/2015\/07\/bulletins-1-870x75.png 870w, https:\/\/www.urheiluilmailu.com\/wp-content\/uploads\/2015\/07\/bulletins-1.png 929w\" sizes=\"(max-width: 300px) 100vw, 300px\" \/><\/a><\/p>\n<p>&nbsp;<\/p>\n<p><a href=\"http:\/\/www.urheiluilmailu.com\/wp-content\/uploads\/2015\/07\/lpr-bulletin.png\"><img decoding=\"async\" loading=\"lazy\" class=\"aligncenter size-medium wp-image-1361\" src=\"http:\/\/www.urheiluilmailu.com\/wp-content\/uploads\/2015\/07\/lpr-bulletin-300x65.png\" alt=\"lpr-bulletin\" width=\"300\" height=\"65\" srcset=\"https:\/\/www.urheiluilmailu.com\/wp-content\/uploads\/2015\/07\/lpr-bulletin-300x65.png 300w, https:\/\/www.urheiluilmailu.com\/wp-content\/uploads\/2015\/07\/lpr-bulletin.png 837w\" sizes=\"(max-width: 300px) 100vw, 300px\" \/><\/a><\/p>\n<p>Ensimm\u00e4inen kohta kertoo lennonjohdon toiminta-ajat. N\u00e4iden aikojen ulkopuolella kentt\u00e4 on valvomaton ns. korpikentt\u00e4, jossa voi toimia lentos\u00e4\u00e4nt\u00f6jen puitteissa ilman lennonjohtopalvelua. Radio kuitenkin tarvitsee olla mukana, paitsi muun liikenteen havainnoinnin ja yhteydenpidon, mutta my\u00f6s sen vuoksi, ett\u00e4 jos lennonjohto aukenee lennon aikana, tiedotus t\u00e4st\u00e4 tulee radioitse, ja lennonjohdon kanssa tulee kommunikoida.<\/p>\n<p>Toiseen kohtaan on merkitty tiedote kent\u00e4n tullin puhelinnumeron muuttumisesta.<\/p>\n<p>Kolmas kohta on erityisen huomionarvoinen. Se sis\u00e4lt\u00e4\u00e4 muutoksen aiemmin ilmoitettuun lennonjohdon toiminta-aikoihin. T\u00e4m\u00e4n vuoksi tiedotteet kannattaa lukea aina loppuun asti.. \ud83d\ude09<\/p>\n<h3>Enroute, reittitiedotteet<\/h3>\n<p>Reittikohtaiset tiedotteet kannattaa my\u00f6s silm\u00e4ill\u00e4 l\u00e4pi, etenkin mik\u00e4li lento suuntautuu useammalle kuin yhdelle lentopaikalle<\/p>\n<h3>Nav Warnings ja &#8221;Ammuntakartta&#8221;<\/h3>\n<p>Nimens\u00e4 mukaisesti Nav Warnings sis\u00e4lt\u00e4\u00e4 varoituksia poikkeavista asioista lentopaikalla tai -reitill\u00e4. Esimerkiksi rakennusty\u00f6maiden korkeat nosturit, r\u00e4j\u00e4ytysty\u00f6t, kansallisen pyssy-yhti\u00f6n ammuskelutilaisuudet\u00a0ja muut vastaavat vaaraa aiheuttavat asiat l\u00f6yt\u00e4v\u00e4t tiens\u00e4 n\u00e4ihin tiedotteisin. N\u00e4m\u00e4, <em>enroute bulletinien<\/em> ohella, l\u00f6ytyv\u00e4t lentopaikkakohtaisen listauksen loppup\u00e4\u00e4st\u00e4.<\/p>\n<p><a href=\"http:\/\/www.urheiluilmailu.com\/wp-content\/uploads\/2015\/07\/firing.png\"><img decoding=\"async\" loading=\"lazy\" class=\"aligncenter size-medium wp-image-1363\" src=\"http:\/\/www.urheiluilmailu.com\/wp-content\/uploads\/2015\/07\/firing-300x39.png\" alt=\"firing\" width=\"300\" height=\"39\" srcset=\"https:\/\/www.urheiluilmailu.com\/wp-content\/uploads\/2015\/07\/firing-300x39.png 300w, https:\/\/www.urheiluilmailu.com\/wp-content\/uploads\/2015\/07\/firing-870x113.png 870w, https:\/\/www.urheiluilmailu.com\/wp-content\/uploads\/2015\/07\/firing.png 936w\" sizes=\"(max-width: 300px) 100vw, 300px\" \/><\/a><\/p>\n<p>Varoitukset l\u00f6ytyv\u00e4t my\u00f6s kartan muodossa.<\/p>\n<p><a href=\"http:\/\/www.urheiluilmailu.com\/wp-content\/uploads\/2015\/07\/wrnchrt.png\"><img decoding=\"async\" loading=\"lazy\" class=\"aligncenter size-medium wp-image-1364\" src=\"http:\/\/www.urheiluilmailu.com\/wp-content\/uploads\/2015\/07\/wrnchrt-300x230.png\" alt=\"wrnchrt\" width=\"300\" height=\"230\" srcset=\"https:\/\/www.urheiluilmailu.com\/wp-content\/uploads\/2015\/07\/wrnchrt-300x230.png 300w, https:\/\/www.urheiluilmailu.com\/wp-content\/uploads\/2015\/07\/wrnchrt.png 642w\" sizes=\"(max-width: 300px) 100vw, 300px\" \/><\/a><\/p>\n<p>Kartalle on merkitty rajoitus- ja kieltoalueet (<strong>R<\/strong>estricted ja\u00a0<strong>P<\/strong>rohibited). V\u00e4rj\u00e4ttyn\u00e4 kyseinen alue on aktiivinen ja sinne ei silloin kannata menn\u00e4. Kieltoalueelle ei edes saa menn\u00e4. Joidenkin alueiden kohdalla on lis\u00e4tietoviite, kuten Lappeenrannan kent\u00e4n kohdalla. EFR207 AIP SUP 79\/14 tarkoittaa sit\u00e4, ett\u00e4 nuolen osoittamasta vaara-alueesta l\u00f6ytyy lis\u00e4tietoa AIP:n lis\u00e4lehdilt\u00e4. AIP Supplementit l\u00f6ytyv\u00e4t t\u00e4\u00e4lt\u00e4:\u00a0<a href=\"https:\/\/ais.fi\/ais\/aipsup\/AipSup.htm\">https:\/\/ais.fi\/ais\/aipsup\/AipSup.htm<\/a>. Kyseiselt\u00e4 sivulta l\u00f6ytyy my\u00f6s AIP SUP 79\/19, joka on tiedote tilap\u00e4isest\u00e4 rajoitusalueesta kent\u00e4n kupeessa:\u00a0<a href=\"https:\/\/ais.fi\/ais\/aipsup\/Sup\/S2014\/EF_SUP_2014_079_en.pdf\">https:\/\/ais.fi\/ais\/aipsup\/Sup\/S2014\/EF_SUP_2014_079_en.pdf<\/a><\/p>\n<p>&nbsp;<\/p>\n","protected":false},"excerpt":{"rendered":"<p>Jotta v\u00e4ltyt\u00e4\u00e4n turhalta reissulta lentopaikalle, sekaannuksilta ja mahdollisilta vaaratilanteilta, tulee ennen lentoa katsoa muutamia onnistuneen lennon kannalta t\u00e4rkeit\u00e4 asioita. Liitimill\u00e4 operointi on varsin s\u00e4\u00e4herkk\u00e4\u00e4 puuhaa, joten s\u00e4\u00e4tiedotteiden ja -ennusteiden rooli on varsin suuri. S\u00e4\u00e4n ohella my\u00f6s lentopaikkaan ja mahdolliseen suunniteltuun &hellip; <a href=\"https:\/\/www.urheiluilmailu.com\/?page_id=1340\">Continued<\/a><\/p>\n","protected":false},"author":1,"featured_media":0,"parent":650,"menu_order":0,"comment_status":"closed","ping_status":"open","template":"","meta":[],"_links":{"self":[{"href":"https:\/\/www.urheiluilmailu.com\/index.php?rest_route=\/wp\/v2\/pages\/1340"}],"collection":[{"href":"https:\/\/www.urheiluilmailu.com\/index.php?rest_route=\/wp\/v2\/pages"}],"about":[{"href":"https:\/\/www.urheiluilmailu.com\/index.php?rest_route=\/wp\/v2\/types\/page"}],"author":[{"embeddable":true,"href":"https:\/\/www.urheiluilmailu.com\/index.php?rest_route=\/wp\/v2\/users\/1"}],"replies":[{"embeddable":true,"href":"https:\/\/www.urheiluilmailu.com\/index.php?rest_route=%2Fwp%2Fv2%2Fcomments&post=1340"}],"version-history":[{"count":18,"href":"https:\/\/www.urheiluilmailu.com\/index.php?rest_route=\/wp\/v2\/pages\/1340\/revisions"}],"predecessor-version":[{"id":1571,"href":"https:\/\/www.urheiluilmailu.com\/index.php?rest_route=\/wp\/v2\/pages\/1340\/revisions\/1571"}],"up":[{"embeddable":true,"href":"https:\/\/www.urheiluilmailu.com\/index.php?rest_route=\/wp\/v2\/pages\/650"}],"wp:attachment":[{"href":"https:\/\/www.urheiluilmailu.com\/index.php?rest_route=%2Fwp%2Fv2%2Fmedia&parent=1340"}],"curies":[{"name":"wp","href":"https:\/\/api.w.org\/{rel}","templated":true}]}}