{"id":1388,"date":"2015-07-08T18:45:32","date_gmt":"2015-07-08T16:45:32","guid":{"rendered":"http:\/\/www.urheiluilmailu.com\/?page_id=1388"},"modified":"2015-07-08T18:45:32","modified_gmt":"2015-07-08T16:45:32","slug":"moottoroitu-riippuliito-harrastuksena","status":"publish","type":"page","link":"https:\/\/www.urheiluilmailu.com\/?page_id=1388","title":{"rendered":"Moottoroitu riippuliito harrastuksena"},"content":{"rendered":"<h1><img decoding=\"async\" loading=\"lazy\" class=\"alignright wp-image-36 size-medium\" title=\"nrg1\" src=\"http:\/\/www.urheiluilmailu.com\/wp-content\/uploads\/2010\/11\/nrg1-300x225.jpg\" alt=\"\" width=\"300\" height=\"225\" srcset=\"https:\/\/www.urheiluilmailu.com\/wp-content\/uploads\/2010\/11\/nrg1-300x225.jpg 300w, https:\/\/www.urheiluilmailu.com\/wp-content\/uploads\/2010\/11\/nrg1-140x105.jpg 140w, https:\/\/www.urheiluilmailu.com\/wp-content\/uploads\/2010\/11\/nrg1-196x147.jpg 196w, https:\/\/www.urheiluilmailu.com\/wp-content\/uploads\/2010\/11\/nrg1.jpg 640w\" sizes=\"(max-width: 300px) 100vw, 300px\" \/>Mit\u00e4 on riippuliito ja moottoroitu riippuliito?<\/h1>\n<p>&nbsp;<\/p>\n<p>Riippuliito on yksi urheiluilmailun lajeista, joka keskittyy lent\u00e4miseen suurta leijaa muistuttavan lentolaitteen avulla. Laji on verrattain suosittu Keski-Euroopassa, Australiassa ja Yhdysvalloissa, mutta Suomessa aktiivisia harrastajia on ehk\u00e4 vain kymmeni\u00e4. Vaikka Suomen sanotaan olevan olosuhteidensa ansiosta yksi parhaista maista harrastaa urheiluilmailua, kuten purjelentoa, asettaa tasainen maasto riippuliidolle kuitenkin haasteita.<\/p>\n<p><img decoding=\"async\" loading=\"lazy\" class=\"alignright wp-image-19 size-medium\" title=\"Hinaus j\u00e4rven j\u00e4\u00e4lt\u00e4\" src=\"http:\/\/www.urheiluilmailu.com\/wp-content\/uploads\/2010\/11\/IMG_0626-300x225.jpg\" alt=\"\" width=\"300\" height=\"225\" srcset=\"https:\/\/www.urheiluilmailu.com\/wp-content\/uploads\/2010\/11\/IMG_0626-300x225.jpg 300w, https:\/\/www.urheiluilmailu.com\/wp-content\/uploads\/2010\/11\/IMG_0626.jpg 1024w, https:\/\/www.urheiluilmailu.com\/wp-content\/uploads\/2010\/11\/IMG_0626-870x653.jpg 870w, https:\/\/www.urheiluilmailu.com\/wp-content\/uploads\/2010\/11\/IMG_0626-140x105.jpg 140w, https:\/\/www.urheiluilmailu.com\/wp-content\/uploads\/2010\/11\/IMG_0626-196x147.jpg 196w\" sizes=\"(max-width: 300px) 100vw, 300px\" \/><\/p>\n<p>Perinteisesti riippuliitimell\u00e4 l\u00e4hdet\u00e4\u00e4n lentoon vuoren rinnett\u00e4 juosten mutta tasaisella maalla k\u00e4yt\u00e4nn\u00f6ss\u00e4 ainoa lentoonl\u00e4ht\u00f6tapa on liitimen hinaaminen autolla, moottorikelkalla tai m\u00f6nkij\u00e4ll\u00e4. T\u00e4m\u00e4 tekee riippuliidosta joukkuepeli\u00e4 ja osaltaan my\u00f6s hauskaa, mutta joskus kent\u00e4lle voi olla vaikea saada riitt\u00e4v\u00e4 m\u00e4\u00e4r\u00e4 harrastajia samaan aikaan, juuri silloin kun itselle sopii. Hinauksen p\u00e4\u00e4tytty\u00e4 ainoa tapa pysytell\u00e4 ilmassa, tai nousta yl\u00f6sp\u00e4in, on hy\u00f6dynt\u00e4\u00e4 yl\u00f6sp\u00e4in nousevia ilmavirtauksia.<\/p>\n<p>Moottoroitu riippuliidin on nimens\u00e4 mukaisesti liidin, johon on lis\u00e4tty jotain p\u00e4risev\u00e4\u00e4. Moottoroitu liidin mahdollistaa itsen\u00e4isen toiminnan, eik\u00e4 vaadi v\u00e4ltt\u00e4m\u00e4tt\u00e4 muita harrastajia paikalle. Tosin turvallisuussyist\u00e4 ei tekisi kyll\u00e4\u00a0yht\u00e4\u00e4n huonoa, ett\u00e4 lentopaikalla olisi joku muukin kuin vain lent\u00e4j\u00e4 itse.<\/p>\n<p>Siin\u00e4 miss\u00e4 moottoroimaton riippuliidin vaatii l\u00e4mpimi\u00e4 nousevia ilmavirtauksia, termiikkej\u00e4, pysy\u00e4kseen ilmassa, voidaan moottoroidun liitimen kanssa lent\u00e4\u00e4 vapaasti, termiikeist\u00e4 riippumatta aina polttoaineen loppumiseen asti. T\u00e4m\u00e4 helpottaa osaltaan harrastusta; paras termiikkiaika on yleens\u00e4 iltap\u00e4iv\u00e4ll\u00e4 ja t\u00e4m\u00e4 on ty\u00f6ss\u00e4k\u00e4yv\u00e4lle ihmiselle usein hieman haasteellinen aika. Moottoroidun riippuliitimen kanssa voit menn\u00e4 ty\u00f6p\u00e4iv\u00e4n j\u00e4lkeen kent\u00e4lle, lent\u00e4\u00e4 aikasi ja menn\u00e4 illaksi kotiin.<\/p>\n<p>Moottoroitu riippuliidin vaatii tosin moottoroimatonta laitetta enemm\u00e4n huoltoa ja lis\u00e4\u00e4ntyneet liikkuvat osat tuovat harrastukseen mukaan my\u00f6s teknisemm\u00e4n aspektin. Kun normaali riippuliidin on verrattain huoltovapaa laite, voi moottoroidulla laitteella lent\u00e4v\u00e4 l\u00f6yt\u00e4\u00e4 itsens\u00e4 useamman kerran ruuviavain kourassa.<\/p>\n","protected":false},"excerpt":{"rendered":"<p>Mit\u00e4 on riippuliito ja moottoroitu riippuliito? &nbsp; Riippuliito on yksi urheiluilmailun lajeista, joka keskittyy lent\u00e4miseen suurta leijaa muistuttavan lentolaitteen avulla. Laji on verrattain suosittu Keski-Euroopassa, Australiassa ja Yhdysvalloissa, mutta Suomessa aktiivisia harrastajia on ehk\u00e4 vain kymmeni\u00e4. Vaikka Suomen sanotaan olevan &hellip; <a href=\"https:\/\/www.urheiluilmailu.com\/?page_id=1388\">Continued<\/a><\/p>\n","protected":false},"author":1,"featured_media":0,"parent":644,"menu_order":0,"comment_status":"closed","ping_status":"open","template":"","meta":[],"_links":{"self":[{"href":"https:\/\/www.urheiluilmailu.com\/index.php?rest_route=\/wp\/v2\/pages\/1388"}],"collection":[{"href":"https:\/\/www.urheiluilmailu.com\/index.php?rest_route=\/wp\/v2\/pages"}],"about":[{"href":"https:\/\/www.urheiluilmailu.com\/index.php?rest_route=\/wp\/v2\/types\/page"}],"author":[{"embeddable":true,"href":"https:\/\/www.urheiluilmailu.com\/index.php?rest_route=\/wp\/v2\/users\/1"}],"replies":[{"embeddable":true,"href":"https:\/\/www.urheiluilmailu.com\/index.php?rest_route=%2Fwp%2Fv2%2Fcomments&post=1388"}],"version-history":[{"count":1,"href":"https:\/\/www.urheiluilmailu.com\/index.php?rest_route=\/wp\/v2\/pages\/1388\/revisions"}],"predecessor-version":[{"id":1389,"href":"https:\/\/www.urheiluilmailu.com\/index.php?rest_route=\/wp\/v2\/pages\/1388\/revisions\/1389"}],"up":[{"embeddable":true,"href":"https:\/\/www.urheiluilmailu.com\/index.php?rest_route=\/wp\/v2\/pages\/644"}],"wp:attachment":[{"href":"https:\/\/www.urheiluilmailu.com\/index.php?rest_route=%2Fwp%2Fv2%2Fmedia&parent=1388"}],"curies":[{"name":"wp","href":"https:\/\/api.w.org\/{rel}","templated":true}]}}